{"id":1895,"date":"2021-07-09T13:15:57","date_gmt":"2021-07-09T17:15:57","guid":{"rendered":"https:\/\/lesbaillantestortues.com\/tarifs\/"},"modified":"2026-01-01T09:33:04","modified_gmt":"2026-01-01T13:33:04","slug":"tarifs","status":"publish","type":"page","link":"https:\/\/lesbaillantestortues.com\/fr\/tarifs\/","title":{"rendered":"Tarifs"},"content":{"rendered":"<p>[et_pb_section fb_built=\u00a0\u00bb1&Prime; _builder_version=\u00a0\u00bb4.16&Prime; _module_preset=\u00a0\u00bbdefault\u00a0\u00bb global_colors_info=\u00a0\u00bb{}\u00a0\u00bb][et_pb_row _builder_version=\u00a0\u00bb4.16&Prime; _module_preset=\u00a0\u00bbdefault\u00a0\u00bb width=\u00a0\u00bb95%\u00a0\u00bb global_colors_info=\u00a0\u00bb{}\u00a0\u00bb][et_pb_column type=\u00a0\u00bb4_4&Prime; _builder_version=\u00a0\u00bb4.16&Prime; _module_preset=\u00a0\u00bbdefault\u00a0\u00bb global_colors_info=\u00a0\u00bb{}\u00a0\u00bb][et_pb_text _builder_version=\u00a0\u00bb4.16&Prime; _module_preset=\u00a0\u00bbdefault\u00a0\u00bb header_text_color=\u00a0\u00bbgcid-4e76a9b5-ed20-4681-9f89-5bcfd4d512d1&Prime; global_colors_info=\u00a0\u00bb{%22gcid-4e76a9b5-ed20-4681-9f89-5bcfd4d512d1%22:%91%22header_text_color%22%93}\u00a0\u00bb]<\/p>\n<h1>Tarifs<\/h1>\n<p>[\/et_pb_text][et_pb_tabs active_tab_background_color=\u00a0\u00bb#0C71C3&Prime; inactive_tab_background_color=\u00a0\u00bb#FFFFFF\u00a0\u00bb active_tab_text_color=\u00a0\u00bb#FFFFFF\u00a0\u00bb _builder_version=\u00a0\u00bb4.27.4&Prime; _module_preset=\u00a0\u00bbdefault\u00a0\u00bb tab_text_color=\u00a0\u00bb#0C71C3&Prime; body_text_align=\u00a0\u00bbcenter\u00a0\u00bb width_tablet=\u00a0\u00bb100%\u00a0\u00bb width_phone=\u00a0\u00bb\u00a0\u00bb width_last_edited=\u00a0\u00bbon|tablet\u00a0\u00bb max_width_tablet=\u00a0\u00bb100%\u00a0\u00bb max_width_phone=\u00a0\u00bb100%\u00a0\u00bb max_width_last_edited=\u00a0\u00bbon|phone\u00a0\u00bb custom_margin=\u00a0\u00bb33px||||false|false\u00a0\u00bb border_width_all=\u00a0\u00bb0px\u00a0\u00bb box_shadow_style=\u00a0\u00bbpreset3&Prime; box_shadow_color=\u00a0\u00bb#549fea\u00a0\u00bb global_colors_info=\u00a0\u00bb{}\u00a0\u00bb][et_pb_tab title=\u00a0\u00bbPlong\u00e9e et snorkeling\u00a0\u00bb _builder_version=\u00a0\u00bb4.19.4&Prime; _module_preset=\u00a0\u00bbdefault\u00a0\u00bb body_text_align=\u00a0\u00bbcenter\u00a0\u00bb body_text_color=\u00a0\u00bb#0C71C3&Prime; global_colors_info=\u00a0\u00bb{}\u00a0\u00bb]<\/p>\n<table border=\"1\" style=\"border-collapse: collapse; width: 100%; height: 102px;\">\n<tbody>\n<tr style=\"height: 23px;\">\n<td style=\"width: 25%; height: 23px;\">1 plong\u00e9e \u00e9quip\u00e9e; blocs et plombs fournis<\/td>\n<td style=\"width: 50%; height: 23px;\">\u20ac 45,00<\/td>\n<\/tr>\n<tr style=\"height: 23px;\">\n<td style=\"width: 25%; height: 23px;\">1 plong\u00e9e avec \u00e9quipement fourni par le club<\/td>\n<td style=\"width: 50%; height: 23px;\">\u20ac 50,00<\/td>\n<\/tr>\n<tr>\n<td style=\"width: 25%;\">Navigation longue distance<\/td>\n<td style=\"width: 50%;\">Epaves le Gustavia, le Franjack &amp; la R\u00e9serve Cousteau + \u20ac 6,00<br \/>Epave Augustin Fresnel + \u20ac 12,00<\/td>\n<\/tr>\n<tr style=\"height: 10px;\">\n<td style=\"width: 25%; height: 10px;\">A partir de la 5 \u00e8me plong\u00e9e<\/td>\n<td style=\"width: 50%; height: 10px;\">R\u00e9duction de 5%<\/td>\n<\/tr>\n<tr style=\"height: 23px;\">\n<td style=\"width: 25%; height: 23px;\">A partir de la 10\u00e8me plong\u00e9e <\/td>\n<td style=\"width: 50%; height: 23px;\">R\u00e9duction de 10%<\/td>\n<\/tr>\n<tr>\n<td style=\"width: 25%;\">Bapt\u00eame de plong\u00e9e (30 mns)<\/td>\n<td style=\"width: 50%;\">\u20ac 70,00<\/td>\n<\/tr>\n<tr>\n<td style=\"width: 25%;\">Accompagnateur, Snorkeler<\/td>\n<td style=\"width: 50%;\">\u20ac 28,00<\/td>\n<\/tr>\n<\/tbody>\n<\/table>\n<p>[\/et_pb_tab][et_pb_tab title=\u00a0\u00bbMat\u00e9riel de location\u00a0\u00bb _builder_version=\u00a0\u00bb4.16&Prime; _module_preset=\u00a0\u00bbdefault\u00a0\u00bb body_text_align=\u00a0\u00bbcenter\u00a0\u00bb body_text_color=\u00a0\u00bb#0C71C3&Prime; global_colors_info=\u00a0\u00bb{}\u00a0\u00bb]<\/p>\n<table border=\"1\" style=\"border-collapse: collapse; width: 100%; height: 138px;\">\n<tbody>\n<tr style=\"height: 23px;\">\n<td style=\"width: 33.3333%; height: 23px;\"><strong>Location d\u2019une lampe<\/strong><\/td>\n<td style=\"width: 33.3333%; height: 23px;\"> \u20ac 7,00 par jour<\/td>\n<\/tr>\n<tr style=\"height: 23px;\">\n<td style=\"width: 33.3333%; height: 23px;\"><strong>Location d\u2019un Ordinateur<\/strong><\/td>\n<td style=\"width: 33.3333%; height: 23px;\">\u20ac 4,00 par jour<\/td>\n<\/tr>\n<tr style=\"height: 23px;\">\n<td style=\"width: 33.3333%; height: 23px;\"><strong> Location d&rsquo;un appareil photo<br \/>\n<\/strong><\/td>\n<p><\/p>\n<td style=\"width: 33.3333%; height: 23px;\">\u20ac 40,00 par jour<\/td>\n<\/tr>\n<tr style=\"height: 23px;\">\n<td style=\"width: 33.3333%; height: 23px;\"><strong>Location GoPro<\/strong><\/td>\n<td style=\"width: 33.3333%; height: 23px;\">\u20ac 20,00 par jour<\/td>\n<\/tr>\n<\/tbody>\n<\/table>\n<p>[\/et_pb_tab][et_pb_tab title=\u00a0\u00bbStages PADI\u00a0\u00bb _builder_version=\u00a0\u00bb4.27.4&Prime; _module_preset=\u00a0\u00bbdefault\u00a0\u00bb body_text_align=\u00a0\u00bbcenter\u00a0\u00bb body_text_color=\u00a0\u00bb#0C71C3&Prime; global_colors_info=\u00a0\u00bb{}\u00a0\u00bb]<\/p>\n<p>&nbsp;<\/p>\n<table border=\"1\" style=\"border-collapse: collapse; width: 100%; height: 358px;\">\n<tbody>\n<tr>\n<td style=\"width: 33.3333%;\"><strong> <\/strong><\/td>\n<td style=\"width: 16.6667%;\">Tout compris avec PADI eLearning<\/td>\n<\/tr>\n<tr style=\"height: 23px;\">\n<td style=\"width: 33.3333%; height: 23px;\"><strong>Scuba Diver <\/strong>\/ 3 dives (carnet de plong\u00e9e compris)<\/td>\n<td style=\"width: 16.6667%;\">\u20ac 375,00<\/td>\n<\/tr>\n<tr style=\"height: 47px;\">\n<td style=\"width: 33.3333%; height: 47px;\"><strong>Open Water Diver OWD <\/strong>\/ 5 plong\u00e9es (carnet de plong\u00e9e compris)<\/td>\n<td style=\"width: 16.6667%;\">\u20ac 510,00<\/td>\n<\/tr>\n<tr style=\"height: 47px;\">\n<td style=\"width: 33.3333%; height: 47px;\"><strong>Advanced Open Water Diver AOWD <\/strong>\/ 5 plong\u00e9es<\/td>\n<td style=\"width: 16.6667%;\">\u20ac 480,00<\/td>\n<\/tr>\n<tr style=\"height: 23px;\">\n<td style=\"width: 33.3333%; height: 23px;\"><strong>Deep Diver <\/strong>\/ 4 plong\u00e9es<\/td>\n<td style=\"width: 16.6667%;\">\u20ac 435,00<\/td>\n<\/tr>\n<tr>\n<td colspan=\"2\" style=\"width: 50%; text-align: center;\">Compris dans les tarifs: tout le mat\u00e9riel et brevet.<\/td>\n<\/tr>\n<tr style=\"height: 23px;\">\n<td style=\"text-align: center; height: 23px; width: 50%;\" colspan=\"2\"><\/td>\n<\/tr>\n<\/tbody>\n<\/table>\n<p>[\/et_pb_tab][et_pb_tab title=\u00a0\u00bbStages CMAS\u00a0\u00bb _builder_version=\u00a0\u00bb4.16&Prime; _module_preset=\u00a0\u00bbdefault\u00a0\u00bb body_text_align=\u00a0\u00bbcenter\u00a0\u00bb body_text_color=\u00a0\u00bb#0C71C3&Prime; global_colors_info=\u00a0\u00bb{}\u00a0\u00bb]<\/p>\n<table border=\"1\" style=\"border-collapse: collapse; width: 100%; height: 166px;\">\n<tbody>\n<tr>\n<td style=\"width: 33.3333%;\">PE 12<\/td>\n<td style=\"width: 33.3333%;\">3 plong\u00e9es, th\u00e9orie, carnet de plong\u00e9e, brevet<\/td>\n<td style=\"width: 33.3333%;\">\u20ac 230,00<\/td>\n<\/tr>\n<tr style=\"height: 71px;\">\n<td style=\"width: 33.3333%; height: 71px;\">Niveau 1<\/td>\n<td style=\"width: 33.3333%; height: 71px;\">5 plong\u00e9es, th\u00e9orie, licence, carnet de plong\u00e9e, brevet<\/td>\n<td style=\"width: 33.3333%; height: 71px;\">\u20ac 395,00<\/td>\n<\/tr>\n<tr>\n<td style=\"width: 33.3333%;\">PE 40<\/td>\n<td style=\"width: 33.3333%;\">4 plong\u00e9es, th\u00e9orie, brevet, licence non comprise de 50 Euros<\/td>\n<td style=\"width: 33.3333%;\">\u20ac 340,00<\/td>\n<\/tr>\n<tr>\n<td style=\"width: 33.3333%;\">PA 20<\/td>\n<td style=\"width: 33.3333%;\">6 plong\u00e9es, th\u00e9orie, brevet, licence non comprise de 50 Euros<\/td>\n<td style=\"width: 33.3333%;\">\u20ac 390,00<\/td>\n<\/tr>\n<tr style=\"height: 95px;\">\n<td style=\"width: 33.3333%; height: 95px;\">Niveau 2<\/td>\n<td style=\"width: 33.3333%; height: 95px;\">10 plong\u00e9es, th\u00e9orie, brevet, licence non comprise de 50 Euros<\/td>\n<td style=\"width: 33.3333%; height: 95px;\">\u20ac 600,00<\/td>\n<\/tr>\n<tr>\n<td style=\"width: 33.3333%;\">Niveau 3 GOLD ou PA 40m<\/td>\n<td style=\"width: 33.3333%;\">Nous consulter<\/td>\n<td style=\"width: 33.3333%;\"><\/td>\n<\/tr>\n<\/tbody>\n<\/table>\n<p>[\/et_pb_tab][\/et_pb_tabs][et_pb_text _builder_version=\u00a0\u00bb4.20.2&Prime; _module_preset=\u00a0\u00bbdefault\u00a0\u00bb text_text_color=\u00a0\u00bb#0C71C3&Prime; global_colors_info=\u00a0\u00bb{}\u00a0\u00bb]<\/p>\n<p class=\"Body\"><strong><span>Modes de paiement: ch\u00e8ques, ch\u00e8ques-vacances \u00e9lectroniques(+2,5% de frais), virements, esp\u00e8ces ou carte bleue.<\/span><\/strong><\/p>\n<p>[\/et_pb_text][\/et_pb_column][\/et_pb_row][\/et_pb_section]<\/p>\n","protected":false},"excerpt":{"rendered":"<p>Tarifs 1 plong\u00e9e \u00e9quip\u00e9e; blocs et plombs fournis \u20ac 45,00 1 plong\u00e9e avec \u00e9quipement fourni par le club \u20ac 50,00 Navigation longue distance Epaves le Gustavia, le Franjack &amp; la R\u00e9serve Cousteau + \u20ac 6,00Epave Augustin Fresnel + \u20ac 12,00 A partir de la 5 \u00e8me plong\u00e9e R\u00e9duction de 5% A partir de la 10\u00e8me [&hellip;]<\/p>\n","protected":false},"author":1,"featured_media":0,"parent":0,"menu_order":0,"comment_status":"closed","ping_status":"closed","template":"","meta":{"_et_pb_use_builder":"on","_et_pb_old_content":"","_et_gb_content_width":"","footnotes":""},"class_list":["post-1895","page","type-page","status-publish","hentry"],"_links":{"self":[{"href":"https:\/\/lesbaillantestortues.com\/fr\/wp-json\/wp\/v2\/pages\/1895","targetHints":{"allow":["GET"]}}],"collection":[{"href":"https:\/\/lesbaillantestortues.com\/fr\/wp-json\/wp\/v2\/pages"}],"about":[{"href":"https:\/\/lesbaillantestortues.com\/fr\/wp-json\/wp\/v2\/types\/page"}],"author":[{"embeddable":true,"href":"https:\/\/lesbaillantestortues.com\/fr\/wp-json\/wp\/v2\/users\/1"}],"replies":[{"embeddable":true,"href":"https:\/\/lesbaillantestortues.com\/fr\/wp-json\/wp\/v2\/comments?post=1895"}],"version-history":[{"count":64,"href":"https:\/\/lesbaillantestortues.com\/fr\/wp-json\/wp\/v2\/pages\/1895\/revisions"}],"predecessor-version":[{"id":2879,"href":"https:\/\/lesbaillantestortues.com\/fr\/wp-json\/wp\/v2\/pages\/1895\/revisions\/2879"}],"wp:attachment":[{"href":"https:\/\/lesbaillantestortues.com\/fr\/wp-json\/wp\/v2\/media?parent=1895"}],"curies":[{"name":"wp","href":"https:\/\/api.w.org\/{rel}","templated":true}]}}