{"id":1885,"date":"2021-07-09T12:54:58","date_gmt":"2021-07-09T16:54:58","guid":{"rendered":"https:\/\/lesbaillantestortues.com\/diving\/"},"modified":"2023-01-17T18:05:42","modified_gmt":"2023-01-17T22:05:42","slug":"diving","status":"publish","type":"page","link":"https:\/\/lesbaillantestortues.com\/fr\/diving\/","title":{"rendered":"Plong\u00e9e"},"content":{"rendered":"<p>[et_pb_section fb_built=\u00a0\u00bb1&Prime; _builder_version=\u00a0\u00bb4.16&Prime; _module_preset=\u00a0\u00bbdefault\u00a0\u00bb global_colors_info=\u00a0\u00bb{}\u00a0\u00bb][et_pb_row _builder_version=\u00a0\u00bb4.16&Prime; _module_preset=\u00a0\u00bbdefault\u00a0\u00bb global_colors_info=\u00a0\u00bb{}\u00a0\u00bb][et_pb_column type=\u00a0\u00bb4_4&Prime; _builder_version=\u00a0\u00bb4.16&Prime; _module_preset=\u00a0\u00bbdefault\u00a0\u00bb global_colors_info=\u00a0\u00bb{}\u00a0\u00bb][et_pb_text _builder_version=\u00a0\u00bb4.16&Prime; _module_preset=\u00a0\u00bbdefault\u00a0\u00bb header_text_color=\u00a0\u00bbgcid-4e76a9b5-ed20-4681-9f89-5bcfd4d512d1&Prime; header_text_shadow_style=\u00a0\u00bbpreset2&Prime; saved_tabs=\u00a0\u00bball\u00a0\u00bb global_colors_info=\u00a0\u00bb{%22gcid-4e76a9b5-ed20-4681-9f89-5bcfd4d512d1%22:%91%22header_text_color%22%93}\u00a0\u00bb]<\/p>\n<h1>SPOTS DE PLONG\u00c9E<\/h1>\n<p>[\/et_pb_text][et_pb_text _builder_version=\u00a0\u00bb4.16&Prime; _module_preset=\u00a0\u00bbdefault\u00a0\u00bb text_font_size=\u00a0\u00bb17px\u00a0\u00bb header_2_text_align=\u00a0\u00bbjustify\u00a0\u00bb header_2_font_size=\u00a0\u00bb25px\u00a0\u00bb global_colors_info=\u00a0\u00bb{}\u00a0\u00bb]<\/p>\n<h2><span>Sur des r\u00e9cifs coralliens peu profonds ou sur des \u00e9paves, plonger avec nous n\u2019est jamais ennuyeux. Nous cherchons \u00e0 montrer toutes les merveilles sous-marines de la Guadeloupe. Dans une ambiance familiale et bas\u00e9 sur une approche individualis\u00e9e, nous prenons soin \u00e0 ce que chaque personne se sente \u00e0 l&rsquo;aise et puisse faire les plus belles plong\u00e9es possibles.<\/span><\/h2>\n<h3><\/h3>\n<p>[\/et_pb_text][\/et_pb_column][\/et_pb_row][\/et_pb_section][et_pb_section fb_built=\u00a0\u00bb1&Prime; next_background_color=\u00a0\u00bb#ffffff\u00a0\u00bb _builder_version=\u00a0\u00bb4.16&Prime; _module_preset=\u00a0\u00bbdefault\u00a0\u00bb background_color=\u00a0\u00bb#0C71C3&Prime; custom_padding=\u00a0\u00bb122px||131px||false|false\u00a0\u00bb top_divider_style=\u00a0\u00bbwaves2&Prime; top_divider_color=\u00a0\u00bb#FFFFFF\u00a0\u00bb bottom_divider_style=\u00a0\u00bbwaves2&Prime; global_colors_info=\u00a0\u00bb{}\u00a0\u00bb][et_pb_row column_structure=\u00a0\u00bb1_2,1_2&Prime; _builder_version=\u00a0\u00bb4.16&Prime; _module_preset=\u00a0\u00bbdefault\u00a0\u00bb width=\u00a0\u00bb100%\u00a0\u00bb width_tablet=\u00a0\u00bb88%\u00a0\u00bb width_phone=\u00a0\u00bb\u00a0\u00bb width_last_edited=\u00a0\u00bbon|tablet\u00a0\u00bb max_width=\u00a0\u00bb1237px\u00a0\u00bb global_colors_info=\u00a0\u00bb{}\u00a0\u00bb][et_pb_column type=\u00a0\u00bb1_2&Prime; _builder_version=\u00a0\u00bb4.16&Prime; _module_preset=\u00a0\u00bbdefault\u00a0\u00bb global_colors_info=\u00a0\u00bb{}\u00a0\u00bb][et_pb_text _builder_version=\u00a0\u00bb4.16&Prime; _module_preset=\u00a0\u00bbdefault\u00a0\u00bb text_text_color=\u00a0\u00bb#FFFFFF\u00a0\u00bb header_3_text_color=\u00a0\u00bb#FFFFFF\u00a0\u00bb global_colors_info=\u00a0\u00bb{}\u00a0\u00bb]<\/p>\n<h3>R\u00e9serve Cousteau<\/h3>\n<p>Appel\u00e9s tr\u00e8s souvent\u201c<a href=\"https:\/\/fr.wikipedia.org\/wiki\/R%C3%A9serve_Cousteau\" target=\"_blank\" rel=\"noopener\">R\u00e9serve Cousteau<\/a>\u201c,en r\u00e9f\u00e9rence \u00e0 Jacques-Yves Cousteau qui aurait \u00e9mis le souhait en 1959 que ce site soit prot\u00e9g\u00e9, les \u00eelets Pigeon et les espaces maritimes alentours n\u2019ont b\u00e9n\u00e9fici\u00e9 d\u2019un statut de protection qu\u2019en 2009. Devenus alors un territoire class\u00e9 c\u0153ur de Parc national de la Guadeloupe, ils b\u00e9n\u00e9ficient d\u2019un statut de protection parmi les plus importants selon les crit\u00e8res de l\u2019Union internationale de Conservation de la Nature (UICN), o\u00f9 l\u2019\u00e9tablissement s\u2019efforce d\u2019allier protection de l\u2019environnement avec d\u00e9veloppement des activit\u00e9s \u00e9conomiques. Dans cette perspective,<a href=\"http:\/\/www.guadeloupe-parcnational.fr\/fr\/des-decouvertes\/les-sites\/espaces-maritimes-du-parc-national\" target=\"_blank\" rel=\"noopener\" title=\"Guadeloupe National Park\">Le Parc National de la Guadeloupe<\/a> contribue \u00e0 la relance de l\u2019activit\u00e9 sur notre territoire en s\u2019engageant aupr\u00e8s des entreprises durement touch\u00e9es par la crise \u00e9conomique due \u00e0 la COVID-19.<\/p>\n<p>Le centre de plong\u00e9e \u201cLes Baillantes Tortues\u201d b\u00e9n\u00e9ficie ainsi d\u2019une subvention permettant de faire face aux surco\u00fbts d\u2019exploitation engendr\u00e9s par les nouvelles mesures sanitaires. Le Parc national de la Guadeloupe agit ainsi pour l\u2019aide \u00e0 la reprise \u00e9conomique dans le respect des normes sanitaires et de l\u2019environnement.  <\/p>\n<p>[\/et_pb_text][\/et_pb_column][et_pb_column type=\u00a0\u00bb1_2&Prime; _builder_version=\u00a0\u00bb4.16&Prime; _module_preset=\u00a0\u00bbdefault\u00a0\u00bb global_colors_info=\u00a0\u00bb{}\u00a0\u00bb][et_pb_gallery gallery_ids=\u00a0\u00bb1673,1672,1671,1670,1669,1668,1667,1666,1665,1664,1663,1661,1660,1659,1658,1657&Prime; gallery_orderby=\u00a0\u00bbrand\u00a0\u00bb fullwidth=\u00a0\u00bbon\u00a0\u00bb _builder_version=\u00a0\u00bb4.16&Prime; _module_preset=\u00a0\u00bbdefault\u00a0\u00bb module_alignment=\u00a0\u00bbcenter\u00a0\u00bb auto=\u00a0\u00bbon\u00a0\u00bb global_colors_info=\u00a0\u00bb{}\u00a0\u00bb][\/et_pb_gallery][\/et_pb_column][\/et_pb_row][\/et_pb_section][et_pb_section fb_built=\u00a0\u00bb1&Prime; _builder_version=\u00a0\u00bb4.16&Prime; _module_preset=\u00a0\u00bbdefault\u00a0\u00bb global_colors_info=\u00a0\u00bb{}\u00a0\u00bb][et_pb_row column_structure=\u00a0\u00bb1_2,1_6,1_6,1_6&Prime; _builder_version=\u00a0\u00bb4.16&Prime; _module_preset=\u00a0\u00bbdefault\u00a0\u00bb max_width=\u00a0\u00bb1237px\u00a0\u00bb global_colors_info=\u00a0\u00bb{}\u00a0\u00bb][et_pb_column type=\u00a0\u00bb1_2&Prime; _builder_version=\u00a0\u00bb4.16&Prime; _module_preset=\u00a0\u00bbdefault\u00a0\u00bb global_colors_info=\u00a0\u00bb{}\u00a0\u00bb][et_pb_text _builder_version=\u00a0\u00bb4.16&Prime; _module_preset=\u00a0\u00bbdefault\u00a0\u00bb text_font_size=\u00a0\u00bb17px\u00a0\u00bb global_colors_info=\u00a0\u00bb{}\u00a0\u00bb]<\/p>\n<h3>\u00ab\u00a0Nos\u00a0\u00bb \u00e9paves<\/h3>\n<h3><\/h3>\n<p>[\/et_pb_text][et_pb_video src=\u00a0\u00bbhttps:\/\/www.youtube.com\/watch?v=27OHerkmT3s\u00a0\u00bb _builder_version=\u00a0\u00bb4.16&Prime; _module_preset=\u00a0\u00bbdefault\u00a0\u00bb global_colors_info=\u00a0\u00bb{}\u00a0\u00bb][\/et_pb_video][\/et_pb_column][et_pb_column type=\u00a0\u00bb1_6&Prime; _builder_version=\u00a0\u00bb4.16&Prime; _module_preset=\u00a0\u00bbdefault\u00a0\u00bb global_colors_info=\u00a0\u00bb{}\u00a0\u00bb][et_pb_text _builder_version=\u00a0\u00bb4.19.4&Prime; _module_preset=\u00a0\u00bbdefault\u00a0\u00bb text_text_color=\u00a0\u00bb#0C71C3&Prime; hover_enabled=\u00a0\u00bb0&Prime; global_colors_info=\u00a0\u00bb{}\u00a0\u00bb sticky_enabled=\u00a0\u00bb0&Prime;]<\/p>\n<h3>Gustavia*<\/h3>\n<h3><span style=\"font-size: 14px;\">Les plongeurs exp\u00e9riment\u00e9s peuvent vister cette \u00e9pave majestueuse, un ancien caboteur, pos\u00e9e sur un fond sablonneux de 40m. Elle a \u00e9t\u00e9 coul\u00e9e en1991 et les coraux, \u00e9ponges et poissons (notamment des barracudas) ont colonis\u00e9 abondamment cette \u00e9pave d\u2019environ 49 m de long. Le Gustavia se trouve au sud des Ilets Pigeon. La plong\u00e9e est profonde mais elle en vaut le d\u00e9tour.   <\/span><\/h3>\n<p>[\/et_pb_text][\/et_pb_column][et_pb_column type=\u00a0\u00bb1_6&Prime; _builder_version=\u00a0\u00bb4.16&Prime; _module_preset=\u00a0\u00bbdefault\u00a0\u00bb global_colors_info=\u00a0\u00bb{}\u00a0\u00bb][et_pb_text _builder_version=\u00a0\u00bb4.19.4&Prime; _module_preset=\u00a0\u00bbdefault\u00a0\u00bb text_text_color=\u00a0\u00bb#0C71C3&Prime; hover_enabled=\u00a0\u00bb0&Prime; global_colors_info=\u00a0\u00bb{}\u00a0\u00bb sticky_enabled=\u00a0\u00bb0&Prime;]<\/p>\n<h3><a href=\"https:\/\/www.youtube.com\/watch?v=DtT0zqmUl8I\" target=\"_blank\" rel=\"noopener\">Augustin Fresnel<\/a> *<\/h3>\n<p>Pos\u00e9e sur un fond sablonneux de 33 m, au sud de Bouillante, cette \u00e9pave est une invitation \u00e0 la promenade dans les coursives et aussi \u00e0 la d\u00e9couverte de ses cabines, du poste de pilotage et de la salle des machines. Atmosph\u00e8re garantie \u00e0 tous les niveaux! L\u2019Augustin Fresnel a \u00e9t\u00e9 coul\u00e9 le 9 juillet 2003 et attire de nombreux poissons. Les \u00e9ponges et les coraux se sont aussi appropri\u00e9s cette \u00e9pave longue de 53 m qui \u00e9tait \u00e0 l\u2019origine un navire des phares et balises.[\/et_pb_text][\/et_pb_column][et_pb_column type=\u00a0\u00bb1_6&Prime; _builder_version=\u00a0\u00bb4.16&Prime; _module_preset=\u00a0\u00bbdefault\u00a0\u00bb global_colors_info=\u00a0\u00bb{}\u00a0\u00bb][et_pb_text _builder_version=\u00a0\u00bb4.16&Prime; _module_preset=\u00a0\u00bbdefault\u00a0\u00bb text_text_color=\u00a0\u00bb#0C71C3&Prime; global_colors_info=\u00a0\u00bb{}\u00a0\u00bb]<\/p>\n<h3>Franjack<\/h3>\n<p>Cet ancien sablier construit en 1958, d\u2019environ 50 m de long a \u00e9t\u00e9 coul\u00e9 le 9 juin 1996 entre les Ilets Pigeon et la plage de Malendure. Il repose sur un fond sablonneux de 23 m, la profondeur id\u00e9ale pour \u00e9ventuellement r\u00e9aliser votre premi\u00e8re plong\u00e9e sur \u00e9pave. Avec sa vari\u00e9t\u00e9 d\u2019\u00e9ponges, de coraux, la concentration de poissons et souvent la pr\u00e9sence d\u2019une tortue peu farouche, cette \u00e9pave est un bonheur \u00e0 explorer pour tous niveaux de plongeurs. Il est aussi possible d\u2019entrer dans la salle des machines.<\/p>\n<p>[\/et_pb_text][\/et_pb_column][\/et_pb_row][et_pb_row _builder_version=\u00a0\u00bb4.19.4&Prime; _module_preset=\u00a0\u00bbdefault\u00a0\u00bb][et_pb_column _builder_version=\u00a0\u00bb4.19.4&Prime; _module_preset=\u00a0\u00bbdefault\u00a0\u00bb type=\u00a0\u00bb4_4&Prime;][et_pb_text _builder_version=\u00a0\u00bb4.19.4&Prime; _module_preset=\u00a0\u00bbdefault\u00a0\u00bb hover_enabled=\u00a0\u00bb0&Prime; sticky_enabled=\u00a0\u00bb0&Prime;]<\/p>\n<p>* Pour ce spot de plong\u00e9e, 2 \u00e9toiles ou ADV et un minimum de 6 personnes sont requis.<\/p>\n<p>[\/et_pb_text][\/et_pb_column][\/et_pb_row][\/et_pb_section][et_pb_section fb_built=\u00a0\u00bb1&Prime; next_background_color=\u00a0\u00bb#000000&Prime; _builder_version=\u00a0\u00bb4.16&Prime; _module_preset=\u00a0\u00bbdefault\u00a0\u00bb background_color=\u00a0\u00bb#0C71C3&Prime; custom_padding=\u00a0\u00bb115px||105px||false|false\u00a0\u00bb top_divider_style=\u00a0\u00bbwaves2&Prime; top_divider_color=\u00a0\u00bb#FFFFFF\u00a0\u00bb bottom_divider_style=\u00a0\u00bbwaves2&Prime; global_colors_info=\u00a0\u00bb{}\u00a0\u00bb][et_pb_row column_structure=\u00a0\u00bb1_2,1_2&Prime; _builder_version=\u00a0\u00bb4.16&Prime; _module_preset=\u00a0\u00bbdefault\u00a0\u00bb width=\u00a0\u00bb100%\u00a0\u00bb width_tablet=\u00a0\u00bb90%\u00a0\u00bb width_phone=\u00a0\u00bb\u00a0\u00bb width_last_edited=\u00a0\u00bbon|tablet\u00a0\u00bb max_width=\u00a0\u00bb1237px\u00a0\u00bb global_colors_info=\u00a0\u00bb{}\u00a0\u00bb][et_pb_column type=\u00a0\u00bb1_2&Prime; _builder_version=\u00a0\u00bb4.16&Prime; _module_preset=\u00a0\u00bbdefault\u00a0\u00bb global_colors_info=\u00a0\u00bb{}\u00a0\u00bb][et_pb_text _builder_version=\u00a0\u00bb4.16&Prime; _module_preset=\u00a0\u00bbdefault\u00a0\u00bb text_text_color=\u00a0\u00bb#FFFFFF\u00a0\u00bb header_3_text_color=\u00a0\u00bb#FFFFFF\u00a0\u00bb global_colors_info=\u00a0\u00bb{}\u00a0\u00bb]<\/p>\n<h3><span>R\u00e9cifs juste \u00e0 c\u00f4t\u00e9.<\/span><\/h3>\n<p>Ce ne sont pas que les sites de la \u00ab\u00a0R\u00e9serve Cousteau\u00a0\u00bb(souvent surpeupl\u00e9s) qui sont \u00e0 voir. Nous avons la chance de pouvoir vous offrir \u00e0 proximit\u00e9 des r\u00e9cifs riches, avec une grande vari\u00e9t\u00e9 de coraux et de poissons, superbes et plus sauvages. En voici une liste non exhaustive. Il ne faut que 2 \u00e0 15 mns de navigation pour y aller.<\/p>\n<p><strong>Morphy, Nord et Sud.<\/strong> (3 mns de navigation) 2 sites pour tous niveaux, en bord de c\u00f4te, allant de 3 m \u00e0 25 m. Tr\u00e8s beaux paysages sous-marin riches en coraux, et poissons. On se balade entre 5 r\u00e9cifs peu profonds et un mini-tombant de 17 \u00e0 25 m. On y croise souvent 1 tortue. C\u2019est aussi le site o\u00f9 nous organisons des plong\u00e9es de nuit avec un rendu magnifique de toutes les couleurs des \u00e9ponges.<\/p>\n<p><strong>Sec de Cyril: <\/strong>A 2 mns de navigation. A partir du niveau 1. Site en pleine eau allant de 18m \u00e0 25m, avec notamment une belle concentration d&rsquo;\u00e9ponges tonneaux au nord et souvent une belle mur\u00e8ne verte.<\/p>\n<p><strong>Sec de Baillargent: <\/strong>(2 mns de navigation) A quelques m\u00e8tres du Sec de Cyril. Aussi pour plongeur \u00e0 partir du niveau 1. Ce site en pleine eau est plus grand et descend jusqu\u2019\u00e0 27 m.<\/p>\n<p><strong>Pointe de Ferry: <\/strong>(4 mns de navigation) Pour tous niveaux. Un paysage de labyrinthe, canyon, peu profond, entre 3 et 15 m. Tr\u00e8s riche en coraux, \u00e9ponges, poissons. Les amateurs de macro s\u2019y r\u00e9galent aussi.<\/p>\n<p><strong>Anse Paul Thomas: <\/strong>(6 mns de navigation) Pour tous niveaux. Un site peu profond, jusqu\u2019\u00e0 15 m, avec une tr\u00e8s belle luminosit\u00e9. On se balade entre une multitude de petits r\u00e9cifs ayant chacun leur biotope. On y croise aussi tr\u00e8s souvent une tortue. Id\u00e9al aussi pour la macro car on peut prendre son temps pour observer les \u201cpetites\u201d b\u00eates en tout genre.<\/p>\n<p><strong>Grottes de Ferry<\/strong> ( 5 mns de navigation) Pour tous niveaux. Une plong\u00e9e peu profonde, jusqu\u2019\u00e0 12 m, avec des petites grottes qu\u2019on peut parfois traverser. Une autre vie sous-marine aimant la p\u00e9nombre \u00e0 d\u00e9couvrir et \u00e9videmment de beaux jeux de miroirs et de lumi\u00e8res dans les cavit\u00e9s. Une lampe est conseill\u00e9e pour mieux appr\u00e9cier cet environnement. On y croise aussi tr\u00e8s souvent une tortue.<\/p>\n<p><strong>L\u2019Ancre<\/strong> ( 12 mns de navigation) Pour tous niveaux Une plong\u00e9e peu profonde, jusqu\u2019\u00e0 15 m avec une grande vari\u00e9t\u00e9 de corail et une belle ancre ancienne recouverte de concr\u00e9tions. On y croise aussi tr\u00e8s souvent une tortue.<\/p>\n<p><strong>Secs de Cor et Chantal: <\/strong>(10 mns de navigation) Pour plongeurs exp\u00e9riment\u00e9s. Ce sont 2 sites plus profonds en pleine eau, de 21m \u00e0 40 m. Ce sont des r\u00e9cifs encore plus sauvages, \u00e0 l\u2019\u00e9tat brut, sur lesquels nous croisons souvent des barracudas, des platax, des poissons anges de belle taille et parfois du plus \u201cgros\u201d. D&rsquo;aures r\u00e9cifs restent \u00e0 d\u00e9couvrir. Peut-\u00eatre avec vous&#8230;<\/p>\n<p>[\/et_pb_text][\/et_pb_column][et_pb_column type=\u00a0\u00bb1_2&Prime; _builder_version=\u00a0\u00bb4.16&Prime; _module_preset=\u00a0\u00bbdefault\u00a0\u00bb global_colors_info=\u00a0\u00bb{}\u00a0\u00bb][et_pb_video src=\u00a0\u00bbhttps:\/\/www.youtube.com\/watch?v=4yIntJ_vUdM\u00a0\u00bb _builder_version=\u00a0\u00bb4.16&Prime; _module_preset=\u00a0\u00bbdefault\u00a0\u00bb global_colors_info=\u00a0\u00bb{}\u00a0\u00bb][\/et_pb_video][et_pb_gallery gallery_ids=\u00a0\u00bb1675,1676,1677,1678,1679,1680,1681,1682,1683,1684,1685,1686&Prime; gallery_orderby=\u00a0\u00bbrand\u00a0\u00bb posts_number=\u00a0\u00bb2&Prime; show_title_and_caption=\u00a0\u00bboff\u00a0\u00bb _builder_version=\u00a0\u00bb4.16&Prime; _module_preset=\u00a0\u00bbdefault\u00a0\u00bb global_colors_info=\u00a0\u00bb{}\u00a0\u00bb][\/et_pb_gallery][\/et_pb_column][\/et_pb_row][\/et_pb_section]<\/p>\n","protected":false},"excerpt":{"rendered":"<p>SPOTS DE PLONG\u00c9ESur des r\u00e9cifs coralliens peu profonds ou sur des \u00e9paves, plonger avec nous n\u2019est jamais ennuyeux. Nous cherchons \u00e0 montrer toutes les merveilles sous-marines de la Guadeloupe. Dans une ambiance familiale et bas\u00e9 sur une approche individualis\u00e9e, nous prenons soin \u00e0 ce que chaque personne se sente \u00e0 l&rsquo;aise et puisse faire les [&hellip;]<\/p>\n","protected":false},"author":1,"featured_media":0,"parent":0,"menu_order":0,"comment_status":"closed","ping_status":"closed","template":"","meta":{"_et_pb_use_builder":"on","_et_pb_old_content":"","_et_gb_content_width":"","footnotes":""},"class_list":["post-1885","page","type-page","status-publish","hentry"],"_links":{"self":[{"href":"https:\/\/lesbaillantestortues.com\/fr\/wp-json\/wp\/v2\/pages\/1885","targetHints":{"allow":["GET"]}}],"collection":[{"href":"https:\/\/lesbaillantestortues.com\/fr\/wp-json\/wp\/v2\/pages"}],"about":[{"href":"https:\/\/lesbaillantestortues.com\/fr\/wp-json\/wp\/v2\/types\/page"}],"author":[{"embeddable":true,"href":"https:\/\/lesbaillantestortues.com\/fr\/wp-json\/wp\/v2\/users\/1"}],"replies":[{"embeddable":true,"href":"https:\/\/lesbaillantestortues.com\/fr\/wp-json\/wp\/v2\/comments?post=1885"}],"version-history":[{"count":77,"href":"https:\/\/lesbaillantestortues.com\/fr\/wp-json\/wp\/v2\/pages\/1885\/revisions"}],"predecessor-version":[{"id":2513,"href":"https:\/\/lesbaillantestortues.com\/fr\/wp-json\/wp\/v2\/pages\/1885\/revisions\/2513"}],"wp:attachment":[{"href":"https:\/\/lesbaillantestortues.com\/fr\/wp-json\/wp\/v2\/media?parent=1885"}],"curies":[{"name":"wp","href":"https:\/\/api.w.org\/{rel}","templated":true}]}}