{"id":1916,"date":"2021-07-10T04:42:16","date_gmt":"2021-07-10T08:42:16","guid":{"rendered":"https:\/\/lesbaillantestortues.com\/tauchen\/"},"modified":"2025-02-15T16:17:55","modified_gmt":"2025-02-15T20:17:55","slug":"tauchplaetze","status":"publish","type":"page","link":"https:\/\/lesbaillantestortues.com\/de\/tauchplaetze\/","title":{"rendered":"Tauchen"},"content":{"rendered":"<p>[et_pb_section fb_built=&#8220;1&#8243; _builder_version=&#8220;4.16&#8243; _module_preset=&#8220;default&#8220; global_colors_info=&#8220;{}&#8220;][et_pb_row _builder_version=&#8220;4.16&#8243; _module_preset=&#8220;default&#8220; global_colors_info=&#8220;{}&#8220;][et_pb_column type=&#8220;4_4&#8243; _builder_version=&#8220;4.16&#8243; _module_preset=&#8220;default&#8220; global_colors_info=&#8220;{}&#8220;][et_pb_text _builder_version=&#8220;4.16&#8243; _module_preset=&#8220;default&#8220; header_text_color=&#8220;gcid-4e76a9b5-ed20-4681-9f89-5bcfd4d512d1&#8243; header_text_shadow_style=&#8220;preset2&#8243; saved_tabs=&#8220;all&#8220; global_colors_info=&#8220;{%22gcid-4e76a9b5-ed20-4681-9f89-5bcfd4d512d1%22:%91%22header_text_color%22%93}&#8220;]<\/p>\n<h1>Tauchpl\u00e4tze<\/h1>\n<p>[\/et_pb_text][et_pb_text _builder_version=&#8220;4.16&#8243; _module_preset=&#8220;default&#8220; text_font_size=&#8220;17px&#8220; header_2_text_align=&#8220;justify&#8220; header_2_font_size=&#8220;25px&#8220; global_colors_info=&#8220;{}&#8220;]<\/p>\n<h2><span>Ob flache Rifftauchg\u00e4nge oder tiefe Wracktauchg\u00e4nge \u2013 Tauchen wird mit uns nie langweilig. Wir zeigen euch die Sch\u00f6nheit von Guadeloupes Unterwasserwelt. In famili\u00e4rer Umgebung machen wir es uns pers\u00f6nlich zur Aufgabe, dass sich unsere G\u00e4ste wohlf\u00fchlen und jeder genau die Erinnerungen sammelt, die er gesucht hat.<\/span><\/h2>\n<h3><\/h3>\n<p>[\/et_pb_text][\/et_pb_column][\/et_pb_row][\/et_pb_section][et_pb_section fb_built=&#8220;1&#8243; next_background_color=&#8220;#ffffff&#8220; _builder_version=&#8220;4.16&#8243; _module_preset=&#8220;default&#8220; background_color=&#8220;#0C71C3&#8243; custom_padding=&#8220;122px||131px||false|false&#8220; top_divider_style=&#8220;waves2&#8243; top_divider_color=&#8220;#FFFFFF&#8220; bottom_divider_style=&#8220;waves2&#8243; global_colors_info=&#8220;{}&#8220;][et_pb_row column_structure=&#8220;1_2,1_2&#8243; _builder_version=&#8220;4.16&#8243; _module_preset=&#8220;default&#8220; width=&#8220;100%&#8220; width_tablet=&#8220;88%&#8220; width_phone=&#8220;&#8220; width_last_edited=&#8220;on|tablet&#8220; max_width=&#8220;1237px&#8220; global_colors_info=&#8220;{}&#8220;][et_pb_column type=&#8220;1_2&#8243; _builder_version=&#8220;4.16&#8243; _module_preset=&#8220;default&#8220; global_colors_info=&#8220;{}&#8220;][et_pb_text _builder_version=&#8220;4.16&#8243; _module_preset=&#8220;default&#8220; text_text_color=&#8220;#FFFFFF&#8220; header_3_text_color=&#8220;#FFFFFF&#8220; global_colors_info=&#8220;{}&#8220;]<\/p>\n<h3>R\u00e9serve Cousteau<\/h3>\n<p>Seit 2009 ist das Unterwassergebiet rund um die Insel \u201ePigeon\u201c gesch\u00fctzt und als \u201c<a href=\"https:\/\/fr.wikipedia.org\/wiki\/R%C3%A9serve_Cousteau\" target=\"_blank\" rel=\"noopener\">R\u00e9serve Cousteau<\/a>\u201cbekannt, benannt nach Jacques-Yves Cousteau. Der Tauchpionier drehte Teile seines Films \u201cLe Monde de Silence\u201c dort und setzte sich stark f\u00fcr den Schutz dieses maritimen Schatzes ein. Seit das Gebiet als <a href=\"http:\/\/www.guadeloupe-parcnational.fr\/fr\/des-decouvertes\/les-sites\/espaces-maritimes-du-parc-national\" target=\"_blank\" rel=\"noopener\" title=\"Guadeloupe National Park\">NationalPark Guadeloupe <\/a> klassifiziert ist, unterliegt es den Kriterien der International Union of Conservation of Nature (IUCN). Diese versucht den Schutz der Umwelt mit den wirtschafltichen Aktivit\u00e4ten der Region zu verbinden.<\/p>\n<p>Wir erreichen die \u201e\u00eelets Pigeon\u201c nach einer zwanzigmin\u00fctigen Bootsfahrt. Dort erwarten uns wundersch\u00f6ne Tauchpl\u00e4tze, wie \u201eL\u2019Aquarium\u201c oder \u201eLe Jardin de Corail\u201c. Erfahrenere Taucher freuen sich auf einen imposanten Drop off und die Suche nach hei\u00dfen Thermalquellen. Zu Ehren von Jacques-Yves Cousteau wurde unter Wasser eine Statue errichtet, die mittlerweile zu einem beliebten Ort bei Tauchern geworden ist.  <\/p>\n<p>[\/et_pb_text][\/et_pb_column][et_pb_column type=&#8220;1_2&#8243; _builder_version=&#8220;4.16&#8243; _module_preset=&#8220;default&#8220; global_colors_info=&#8220;{}&#8220;][et_pb_gallery gallery_ids=&#8220;1673,1672,1671,1670,1669,1668,1667,1666,1665,1664,1663,1661,1660,1659,1658,1657&#8243; gallery_orderby=&#8220;rand&#8220; fullwidth=&#8220;on&#8220; _builder_version=&#8220;4.16&#8243; _module_preset=&#8220;default&#8220; module_alignment=&#8220;center&#8220; auto=&#8220;on&#8220; global_colors_info=&#8220;{}&#8220;][\/et_pb_gallery][\/et_pb_column][\/et_pb_row][\/et_pb_section][et_pb_section fb_built=&#8220;1&#8243; _builder_version=&#8220;4.16&#8243; _module_preset=&#8220;default&#8220; global_colors_info=&#8220;{}&#8220;][et_pb_row column_structure=&#8220;1_2,1_6,1_6,1_6&#8243; _builder_version=&#8220;4.16&#8243; _module_preset=&#8220;default&#8220; max_width=&#8220;1237px&#8220; global_colors_info=&#8220;{}&#8220;][et_pb_column type=&#8220;1_2&#8243; _builder_version=&#8220;4.16&#8243; _module_preset=&#8220;default&#8220; global_colors_info=&#8220;{}&#8220;][et_pb_text _builder_version=&#8220;4.16&#8243; _module_preset=&#8220;default&#8220; text_font_size=&#8220;17px&#8220; global_colors_info=&#8220;{}&#8220;]<\/p>\n<h3>&#8222;Unsere&#8220; Wracks<\/h3>\n<h3><\/h3>\n<p>[\/et_pb_text][et_pb_video src=&#8220;https:\/\/www.youtube.com\/watch?v=27OHerkmT3s&#8220; _builder_version=&#8220;4.16&#8243; _module_preset=&#8220;default&#8220; global_colors_info=&#8220;{}&#8220;][\/et_pb_video][\/et_pb_column][et_pb_column type=&#8220;1_6&#8243; _builder_version=&#8220;4.16&#8243; _module_preset=&#8220;default&#8220; global_colors_info=&#8220;{}&#8220;][et_pb_text _builder_version=&#8220;4.19.4&#8243; _module_preset=&#8220;default&#8220; text_text_color=&#8220;#0C71C3&#8243; hover_enabled=&#8220;0&#8243; global_colors_info=&#8220;{}&#8220; sticky_enabled=&#8220;0&#8243;]<\/p>\n<h3>Gustavia*<\/h3>\n<h3><span style=\"font-size: 14px;\">Das ehemalige Frachtschiff Gustavia liegt auf 40m Tiefe und ist damit ein Tauchplatz f\u00fcr erfahrenere Taucher. Das Schiff wurde 1989 versenkt und liegt auf sandigen Untergrund. Seitdem haben farbenfrohe Korallen, Schw\u00e4mme und ein vielf\u00e4ltiges, marines Leben das 49 m x 7,50 m gro\u00dfe Wrack bev\u00f6lkert, das auch einigen Barrakudas als Zuhause dient.   <\/span><\/h3>\n<p>[\/et_pb_text][\/et_pb_column][et_pb_column type=&#8220;1_6&#8243; _builder_version=&#8220;4.16&#8243; _module_preset=&#8220;default&#8220; global_colors_info=&#8220;{}&#8220;][et_pb_text _builder_version=&#8220;4.19.4&#8243; _module_preset=&#8220;default&#8220; text_text_color=&#8220;#0C71C3&#8243; hover_enabled=&#8220;0&#8243; global_colors_info=&#8220;{}&#8220; sticky_enabled=&#8220;0&#8243;]<\/p>\n<h3><a href=\"https:\/\/www.youtube.com\/watch?v=DtT0zqmUl8I\" target=\"_blank\" rel=\"noopener\">Augustin Fresnel<\/a> *<\/h3>\n<p>Das einstige Markierungsbojenschiff Augustin Fresnel ruht in 32 m Tiefe. Es wurde 2003 versenkt und begeistert Taucher mit seinen Innenr\u00e4umen und Decks, die darauf warten entdeckt zu werden. Das Schiff sank 2003.[\/et_pb_text][\/et_pb_column][et_pb_column type=&#8220;1_6&#8243; _builder_version=&#8220;4.16&#8243; _module_preset=&#8220;default&#8220; global_colors_info=&#8220;{}&#8220;][et_pb_text _builder_version=&#8220;4.16&#8243; _module_preset=&#8220;default&#8220; text_text_color=&#8220;#0C71C3&#8243; global_colors_info=&#8220;{}&#8220;]<\/p>\n<h3>Franjack<\/h3>\n<p>Die Franjack diente als Baggerschiff, bevor sie 1996 versenkt wurde und nun auf 23m Tiefe ruht. Wer seine ersten Erfahrungen im Wracktauchen machen will, ist hier genau richtig. Aber die vielen Fische, Schw\u00e4mme und manchmal auch Schildkr\u00f6ten und nicht zuletzt der betauchbare Maschinenraum, machen die Fanjack auch f\u00fcr erfahrenere Taucher sehr reizvoll.<\/p>\n<p>[\/et_pb_text][\/et_pb_column][\/et_pb_row][et_pb_row _builder_version=&#8220;4.19.4&#8243; _module_preset=&#8220;default&#8220;][et_pb_column _builder_version=&#8220;4.19.4&#8243; _module_preset=&#8220;default&#8220; type=&#8220;4_4&#8243;][et_pb_text _builder_version=&#8220;4.19.4&#8243; _module_preset=&#8220;default&#8220; hover_enabled=&#8220;0&#8243; sticky_enabled=&#8220;0&#8243;]<\/p>\n<p>* F\u00fcr diese Tauchpl\u00e4tze sind mindestens 2 Sterne oder AOWD erforderlich, sowie mindestens 6 Teilnehmer.<\/p>\n<p>[\/et_pb_text][\/et_pb_column][\/et_pb_row][\/et_pb_section][et_pb_section fb_built=&#8220;1&#8243; next_background_color=&#8220;#000000&#8243; _builder_version=&#8220;4.16&#8243; _module_preset=&#8220;default&#8220; background_color=&#8220;#0C71C3&#8243; custom_padding=&#8220;115px||105px||false|false&#8220; top_divider_style=&#8220;waves2&#8243; top_divider_color=&#8220;#FFFFFF&#8220; bottom_divider_style=&#8220;waves2&#8243; global_colors_info=&#8220;{}&#8220;][et_pb_row column_structure=&#8220;1_2,1_2&#8243; _builder_version=&#8220;4.16&#8243; _module_preset=&#8220;default&#8220; width=&#8220;100%&#8220; width_tablet=&#8220;90%&#8220; width_phone=&#8220;&#8220; width_last_edited=&#8220;on|tablet&#8220; max_width=&#8220;1237px&#8220; global_colors_info=&#8220;{}&#8220;][et_pb_column type=&#8220;1_2&#8243; _builder_version=&#8220;4.16&#8243; _module_preset=&#8220;default&#8220; global_colors_info=&#8220;{}&#8220;][et_pb_text _builder_version=&#8220;4.16&#8243; _module_preset=&#8220;default&#8220; text_text_color=&#8220;#FFFFFF&#8220; header_3_text_color=&#8220;#FFFFFF&#8220; global_colors_info=&#8220;{}&#8220;]<\/p>\n<h3><span>Tauchpl\u00e4tze direkt vor unsere Haust\u00fcr<\/span><\/h3>\n<p>Nicht nur die bekannten und manchmal auch sehr \u00fcberf\u00fcllten Tauchspots, wie das Reserve Cousteau, sind einen Besuch wert. Wir freuen uns auch sehr sch\u00f6ne Tauchpl\u00e4tze in direkter N\u00e4he zu unserer Tauchbasis zu haben die wir mit kurzen Bootsfahrten zwischen 2 bis 15 Minuten erreichen:<\/p>\n<p><strong>Morphy, Nord- und S\u00fcdriff:<\/strong> Zwei flachere Tauchpl\u00e4tze mit Tiefen von 3 Meterbis max. 25 Meter. Die wundersch\u00f6ne Unterwasserlandschaft besteht aus f\u00fcnf Riffen, die reich an Korallen, Schw\u00e4mmen und Fischen sind. Entfernung 3 Min. mit dem Boot.<\/p>\n<p><strong>Cyril\u2019s riff: <\/strong>Nur wenige Meter von unserem Hafen entfernt, lieft das Korallenriff in 25 Metern Tiefe. Der Besuch des Riffs ist ein Offshore Tauchgang. Entfernung 2 Min. mit dem Boot.<\/p>\n<p><strong>Baillargent riff: <\/strong>Es liegt nur wenige Meter\/Feed vom Cyril\u2019s Riff entfernt und ist zwischen 21 Metern und 27 Meter tief. Entfernung 2 Min. per Boot.<\/p>\n<p><strong>Pointe de Ferry: <\/strong>Ein flacher Labyrinth-Tauchgang in einer Tiefe von 3 Metern und max. 15 Meter der reich ist an farbenfrohen Schw\u00e4mmen und Korallen. Entfernung 4 Min.mit dem Boot.<\/p>\n<p><strong>Anse Paul Thomas: <\/strong>Hier warten vor allem viele, interesante kleine Lebenwesen auf unseren Besuch in 3 Metern bis max. 14 Metern. Entfernung 6 Min. per Boot.<\/p>\n<p><strong>H\u00f6hlen von Ferry:<\/strong> Ein flacher Tauchgang zwischen 3 Metern und 10 Metern mit sch\u00f6nen, kleinen H\u00f6hlen und einem artenreichen, maritimem Leben. Entfernung 5 Min. mit dem Boot.<\/p>\n<p><strong>Der Anker:<\/strong> Ein flacher Tauchplatz in 2 bis 15 m, reich an Korallen und mit einem Anker versehen. Entfernung 5 Min. mit dem Boot.<\/p>\n<p><strong>Cor\u2019s- and Chantal\u2019s riff:<\/strong>Zwei tiefe Offshore Tauchg\u00e4nge mit Tiefen von 21 Meter bis zu 140 Metern. Da die Riffe weiter von der K\u00fcste entfernt liegen, ist die Umwelt hier noch ungest\u00f6rt. (In diesem Gebiet gibt es noch viele Riffe zu entdecken, was wir mit gemeinsam mit unseren erfahrenen G\u00e4sten gelegentlich machen.) Entfernung 10 Min. per Boot (In diesem Gebiet gibt es noch viele Riffe zu entdecken, was wir mit gemeinsam mit unseren erfahrenen G\u00e4sten gelegentlich machen.) Entfernung 10 Min. per Boot<\/p>\n<p>[\/et_pb_text][\/et_pb_column][et_pb_column type=&#8220;1_2&#8243; _builder_version=&#8220;4.16&#8243; _module_preset=&#8220;default&#8220; global_colors_info=&#8220;{}&#8220;][et_pb_video src=&#8220;https:\/\/www.youtube.com\/watch?v=4yIntJ_vUdM&#8220; _builder_version=&#8220;4.16&#8243; _module_preset=&#8220;default&#8220; global_colors_info=&#8220;{}&#8220;][\/et_pb_video][et_pb_gallery gallery_ids=&#8220;1675,1676,1677,1678,1679,1680,1681,1682,1683,1684,1685,1686&#8243; gallery_orderby=&#8220;rand&#8220; posts_number=&#8220;2&#8243; show_title_and_caption=&#8220;off&#8220; _builder_version=&#8220;4.16&#8243; _module_preset=&#8220;default&#8220; global_colors_info=&#8220;{}&#8220;][\/et_pb_gallery][\/et_pb_column][\/et_pb_row][\/et_pb_section]<\/p>\n","protected":false},"excerpt":{"rendered":"<p>Tauchpl\u00e4tzeOb flache Rifftauchg\u00e4nge oder tiefe Wracktauchg\u00e4nge \u2013 Tauchen wird mit uns nie langweilig. Wir zeigen euch die Sch\u00f6nheit von Guadeloupes Unterwasserwelt. In famili\u00e4rer Umgebung machen wir es uns pers\u00f6nlich zur Aufgabe, dass sich unsere G\u00e4ste wohlf\u00fchlen und jeder genau die Erinnerungen sammelt, die er gesucht hat. R\u00e9serve Cousteau Seit 2009 ist das Unterwassergebiet rund um [&hellip;]<\/p>\n","protected":false},"author":1,"featured_media":0,"parent":0,"menu_order":0,"comment_status":"closed","ping_status":"closed","template":"","meta":{"_et_pb_use_builder":"on","_et_pb_old_content":"","_et_gb_content_width":"","footnotes":""},"class_list":["post-1916","page","type-page","status-publish","hentry"],"_links":{"self":[{"href":"https:\/\/lesbaillantestortues.com\/de\/wp-json\/wp\/v2\/pages\/1916","targetHints":{"allow":["GET"]}}],"collection":[{"href":"https:\/\/lesbaillantestortues.com\/de\/wp-json\/wp\/v2\/pages"}],"about":[{"href":"https:\/\/lesbaillantestortues.com\/de\/wp-json\/wp\/v2\/types\/page"}],"author":[{"embeddable":true,"href":"https:\/\/lesbaillantestortues.com\/de\/wp-json\/wp\/v2\/users\/1"}],"replies":[{"embeddable":true,"href":"https:\/\/lesbaillantestortues.com\/de\/wp-json\/wp\/v2\/comments?post=1916"}],"version-history":[{"count":49,"href":"https:\/\/lesbaillantestortues.com\/de\/wp-json\/wp\/v2\/pages\/1916\/revisions"}],"predecessor-version":[{"id":2807,"href":"https:\/\/lesbaillantestortues.com\/de\/wp-json\/wp\/v2\/pages\/1916\/revisions\/2807"}],"wp:attachment":[{"href":"https:\/\/lesbaillantestortues.com\/de\/wp-json\/wp\/v2\/media?parent=1916"}],"curies":[{"name":"wp","href":"https:\/\/api.w.org\/{rel}","templated":true}]}}