{"id":1859,"date":"2021-07-07T16:47:08","date_gmt":"2021-07-07T20:47:08","guid":{"rendered":"https:\/\/lesbaillantestortues.com\/education\/"},"modified":"2023-07-16T09:05:53","modified_gmt":"2023-07-16T13:05:53","slug":"tauchkurse","status":"publish","type":"page","link":"https:\/\/lesbaillantestortues.com\/de\/tauchkurse\/","title":{"rendered":"Education"},"content":{"rendered":"<p>[et_pb_section fb_built=&#8220;1&#8243; _builder_version=&#8220;4.16&#8243; _module_preset=&#8220;default&#8220; custom_margin=&#8220;||0px||false|false&#8220; custom_margin_tablet=&#8220;&#8220; custom_margin_phone=&#8220;-56px||0px||false|false&#8220; custom_margin_last_edited=&#8220;on|phone&#8220; custom_padding=&#8220;||2px||false|false&#8220; global_colors_info=&#8220;{}&#8220;][et_pb_row _builder_version=&#8220;4.16&#8243; _module_preset=&#8220;default&#8220; global_colors_info=&#8220;{}&#8220;][et_pb_column type=&#8220;4_4&#8243; _builder_version=&#8220;4.16&#8243; _module_preset=&#8220;default&#8220; global_colors_info=&#8220;{}&#8220;][et_pb_text _builder_version=&#8220;4.16&#8243; _module_preset=&#8220;default&#8220; header_text_color=&#8220;gcid-4e76a9b5-ed20-4681-9f89-5bcfd4d512d1&#8243; global_colors_info=&#8220;{%22gcid-4e76a9b5-ed20-4681-9f89-5bcfd4d512d1%22:%91%22header_text_color%22%93}&#8220;]<\/p>\n<h1 style=\"text-align: center;\">ERLANGE MIT UNS DEINE BREVETS<\/h1>\n<p>[\/et_pb_text][et_pb_text _builder_version=&#8220;4.16&#8243; _module_preset=&#8220;7f717cd8-c918-4cea-8bce-5d6af7f98d09&#8243; global_colors_info=&#8220;{}&#8220;]<\/p>\n<p>Wir sind auf Tauchausbildungen spezialisiert und bieten euch eine vielzahl personalisierter Kurse, sowohl von <a href=\"http:\/\/www.ffessm.fr\/\" target=\"_blank\" rel=\"noopener\" title=\"FFeSSM\">FFeSSM<\/a> (French State and Federal CMAS) also auch <a href=\"http:\/\/www.padi.com\/\" target=\"_blank\" rel=\"noopener\" title=\"PADI\">PADI.<\/a>Gleich ob Neuling oder erfahrener Taucher, gemeinsam vertiefen wir eure Tauchausbildung.<\/p>\n<p>[\/et_pb_text][\/et_pb_column][\/et_pb_row][\/et_pb_section][et_pb_section fb_built=&#8220;1&#8243; _builder_version=&#8220;4.16&#8243; _module_preset=&#8220;default&#8220; custom_margin=&#8220;-50px||-54px||false|false&#8220; global_colors_info=&#8220;{}&#8220;][et_pb_row column_structure=&#8220;1_4,3_4&#8243; _builder_version=&#8220;4.16&#8243; _module_preset=&#8220;default&#8220; max_width=&#8220;1176px&#8220; global_colors_info=&#8220;{}&#8220;][et_pb_column type=&#8220;1_4&#8243; _builder_version=&#8220;4.16&#8243; _module_preset=&#8220;default&#8220; global_colors_info=&#8220;{}&#8220;][et_pb_image src=&#8220;https:\/\/lesbaillantestortues.com\/wp-content\/uploads\/2021\/07\/padilogo-l2_64.jpeg&#8220; alt=&#8220;PADI Diving courses&#8220; title_text=&#8220;padilogo-l2_64&#8243; align=&#8220;center&#8220; _builder_version=&#8220;4.16&#8243; _module_preset=&#8220;default&#8220; height=&#8220;150px&#8220; global_colors_info=&#8220;{}&#8220;][\/et_pb_image][\/et_pb_column][et_pb_column type=&#8220;3_4&#8243; _builder_version=&#8220;4.16&#8243; _module_preset=&#8220;default&#8220; global_colors_info=&#8220;{}&#8220;][et_pb_text _builder_version=&#8220;4.16&#8243; _module_preset=&#8220;default&#8220; header_2_font=&#8220;|700|||||||&#8220; header_2_text_align=&#8220;left&#8220; header_2_text_color=&#8220;gcid-4e76a9b5-ed20-4681-9f89-5bcfd4d512d1&#8243; global_colors_info=&#8220;{%22gcid-4e76a9b5-ed20-4681-9f89-5bcfd4d512d1%22:%91%22header_2_text_color%22%93}&#8220;]<\/p>\n<h2>PADI (Professional Association of Diving Instructors)<\/h2>\n<p>[\/et_pb_text][et_pb_text _builder_version=&#8220;4.16&#8243; _module_preset=&#8220;default&#8220; global_colors_info=&#8220;{}&#8220;]<\/p>\n<p>Vorraussetzungen: Ohne Hilfe im Meer schwimmen und treiben zu k\u00f6nnen, eine gute k\u00f6rperliche Verfassung, ein Tauchtauglichkeitszertifikat und ein Mindestalter von 10 Jahren.<\/p>\n<p>[\/et_pb_text][\/et_pb_column][\/et_pb_row][et_pb_row _builder_version=&#8220;4.16&#8243; _module_preset=&#8220;default&#8220; max_width=&#8220;1176px&#8220; global_colors_info=&#8220;{}&#8220;][et_pb_column type=&#8220;4_4&#8243; _builder_version=&#8220;4.16&#8243; _module_preset=&#8220;default&#8220; global_colors_info=&#8220;{}&#8220;][et_pb_text _builder_version=&#8220;4.16&#8243; _module_preset=&#8220;default&#8220; text_text_color=&#8220;#FFFFFF&#8220; header_2_text_align=&#8220;left&#8220; header_2_text_color=&#8220;#FFFFFF&#8220; background_color=&#8220;#0c71c3&#8243; custom_padding=&#8220;15px|15px|15px|15px|false|false&#8220; global_colors_info=&#8220;{}&#8220;]<\/p>\n<h2><strong>Discover Scuba<\/strong><span> <\/span><\/h2>\n<p><span>Eine kleine Einf\u00fchrung mit einem Tauchgang im offenen Meer.<\/span><\/p>\n<p>[\/et_pb_text][et_pb_text _builder_version=&#8220;4.16&#8243; _module_preset=&#8220;default&#8220; text_text_color=&#8220;#FFFFFF&#8220; header_2_text_align=&#8220;left&#8220; header_2_text_color=&#8220;#FFFFFF&#8220; background_color=&#8220;#0c71c3&#8243; custom_padding=&#8220;15px|15px|15px|15px|false|false&#8220; global_colors_info=&#8220;{}&#8220;]<\/p>\n<h2><span><strong>Scuba Diver<\/strong> <\/span><\/h2>\n<p><span>Der Einsteigerkurs f\u00fcr Leute mit wenig Zeit, bestehend aus drei Tauchg\u00e4ngen im offene Meer und zwei Theoriestunden. Innerhalb eines Jahres kann der Kurs, mit einem weiteren Tauchgang, zum Open Water Diver gemacht werden. PADI Scuba Divers sind qualifiziert unter der Aufsicht eines Tauchlehrers bis zu einer Tiefe von 12 m\/40 feet zu tauchen. <\/span><\/p>\n<p>[\/et_pb_text][et_pb_text _builder_version=&#8220;4.16&#8243; _module_preset=&#8220;default&#8220; text_text_color=&#8220;#FFFFFF&#8220; header_2_text_align=&#8220;left&#8220; header_2_text_color=&#8220;#FFFFFF&#8220; background_color=&#8220;#0c71c3&#8243; custom_padding=&#8220;15px|15px|15px|15px|false|false&#8220; global_colors_info=&#8220;{}&#8220;]<\/p>\n<h2><span><strong>Open Water Diver<\/strong><\/span><\/h2>\n<p><span>Der Kurs besteht aus f\u00fcnf Tauchg\u00e4ngen im offenen Meer und zwei Theoriestunden. <\/span><span>PADI Open Water Divers sind qualifiziert eigenverantwortlich bis zu einer Tiefe von 18 m\/60 feet zu tauchen. Das Mindestalter betr\u00e4gt 10 Jahre. Kinder zwischen 10 und 14 Jahren erhalten ein Junior Open Water Zertifikat.<\/span><\/p>\n<p>[\/et_pb_text][et_pb_text _builder_version=&#8220;4.16&#8243; _module_preset=&#8220;default&#8220; text_text_color=&#8220;#FFFFFF&#8220; header_2_text_align=&#8220;left&#8220; header_2_text_color=&#8220;#FFFFFF&#8220; background_color=&#8220;#0c71c3&#8243; custom_padding=&#8220;15px|15px|15px|15px|false|false&#8220; global_colors_info=&#8220;{}&#8220;]<\/p>\n<h2><span><strong>Advanced Open Water Diver<\/strong> <\/span><\/h2>\n<p><span>Der Fortgeschrittenenkurs besteht aus einem Tief-, Wrack-, Nacht-, Navigations- und digitalem Fototauchgang. Einige Tauchg\u00e4nge k\u00f6nnen auch durch einen Tarier-, Such-, oder Bergungstauchgang ersetzt werden. Das Mindestalter betr\u00e4gt 14 Jahre. <\/span><\/p>\n<p>[\/et_pb_text][et_pb_text _builder_version=&#8220;4.16&#8243; _module_preset=&#8220;default&#8220; text_text_color=&#8220;#FFFFFF&#8220; header_2_text_align=&#8220;left&#8220; header_2_text_color=&#8220;#FFFFFF&#8220; background_color=&#8220;#0c71c3&#8243; custom_padding=&#8220;15px|15px|15px|15px|false|false&#8220; global_colors_info=&#8220;{}&#8220;]<\/p>\n<h2><span><strong>Wrack oder Deep Diver<\/strong> <\/span><\/h2>\n<p>[\/et_pb_text][\/et_pb_column][\/et_pb_row][\/et_pb_section][et_pb_section fb_built=&#8220;1&#8243; _builder_version=&#8220;4.16&#8243; _module_preset=&#8220;default&#8220; custom_margin=&#8220;||-65px||false|false&#8220; global_colors_info=&#8220;{}&#8220;][et_pb_row column_structure=&#8220;1_4,3_4&#8243; _builder_version=&#8220;4.16&#8243; _module_preset=&#8220;default&#8220; global_colors_info=&#8220;{}&#8220;][et_pb_column type=&#8220;1_4&#8243; _builder_version=&#8220;4.16&#8243; _module_preset=&#8220;default&#8220; global_colors_info=&#8220;{}&#8220;][et_pb_image src=&#8220;https:\/\/lesbaillantestortues.com\/wp-content\/uploads\/2021\/07\/shapeimage_2-3_med_hr.png&#8220; alt=&#8220;FFeSSM \/VDST\/CMAS Kurse&#8220; title_text=&#8220;shapeimage_2-3_med_hr&#8220; align=&#8220;center&#8220; _builder_version=&#8220;4.16&#8243; _module_preset=&#8220;default&#8220; global_colors_info=&#8220;{}&#8220;][\/et_pb_image][\/et_pb_column][et_pb_column type=&#8220;3_4&#8243; _builder_version=&#8220;4.16&#8243; _module_preset=&#8220;default&#8220; global_colors_info=&#8220;{}&#8220;][et_pb_text _builder_version=&#8220;4.21.0&#8243; _module_preset=&#8220;default&#8220; header_2_font=&#8220;|700|||||||&#8220; header_2_text_align=&#8220;left&#8220; header_2_text_color=&#8220;#021270&#8243; hover_enabled=&#8220;0&#8243; header_2_font_size_tablet=&#8220;33px&#8220; header_2_font_size_phone=&#8220;&#8220; header_2_font_size_last_edited=&#8220;on|tablet&#8220; global_colors_info=&#8220;{}&#8220; sticky_enabled=&#8220;0&#8243;]<\/p>\n<h2><span><a href=\"http:\/\/www.ffessm.fr\/\" target=\"_blank\" rel=\"noopener\">FFeSSM<\/a> \/ CMAS Kurse<\/span><\/h2>\n<p>[\/et_pb_text][et_pb_text _builder_version=&#8220;4.16&#8243; _module_preset=&#8220;default&#8220; text_text_color=&#8220;#021270&#8243; header_2_font=&#8220;|700|||||||&#8220; header_2_text_color=&#8220;#021270&#8243; global_colors_info=&#8220;{}&#8220;]<\/p>\n<p><span>Die FFeSSM geh\u00f6rt zur CMAS. Das bedeutet, dass gleich aus welchem Land du kommst, du im Rahmen des CMAS Verbands \u00fcberall deine Zertifikate ausbauen kannst. Deine lokaler CMAS Verband wird es anerkennen.  Wir bieten folgende <a href=\"http:\/\/www.ffessm.fr\/\" title=\"FFeSSM\" target=\"_blank\" rel=\"noopener\">FFeSSM<\/a> \/ <a href=\"http:\/\/www.vdst.de\/\" title=\"CMAS\" target=\"_blank\" rel=\"noopener\">CMAS<\/a> Kurse an:<\/span><\/p>\n<p>[\/et_pb_text][\/et_pb_column][\/et_pb_row][et_pb_row column_structure=&#8220;1_3,1_3,1_3&#8243; make_equal=&#8220;on&#8220; _builder_version=&#8220;4.16&#8243; _module_preset=&#8220;default&#8220; global_colors_info=&#8220;{}&#8220;][et_pb_column type=&#8220;1_3&#8243; _builder_version=&#8220;4.16&#8243; _module_preset=&#8220;default&#8220; global_colors_info=&#8220;{}&#8220;][et_pb_cta title=&#8220;PE 12&#8243; button_text=&#8220;Hier klicken&#8220; _builder_version=&#8220;4.16&#8243; _module_preset=&#8220;default&#8220; background_color=&#8220;#0c71c3&#8243; height=&#8220;100%&#8220; global_colors_info=&#8220;{}&#8220;]<\/p>\n<p>Drei Tauchg\u00e4nge im offenen Meer bis auf 12m. <\/p>\n<p>[\/et_pb_cta][\/et_pb_column][et_pb_column type=&#8220;1_3&#8243; _builder_version=&#8220;4.16&#8243; _module_preset=&#8220;default&#8220; global_colors_info=&#8220;{}&#8220;][et_pb_cta title=&#8220;1 Stern Taucher&#8220; button_text=&#8220;Hier klicken&#8220; _builder_version=&#8220;4.16&#8243; _module_preset=&#8220;default&#8220; background_color=&#8220;#0c71c3&#8243; min_height=&#8220;100%&#8220; height=&#8220;100%&#8220; global_colors_info=&#8220;{}&#8220;]<\/p>\n<p>F\u00fcnf Tauchg\u00e4nge im offenen Meer<\/p>\n<p>[\/et_pb_cta][\/et_pb_column][et_pb_column type=&#8220;1_3&#8243; _builder_version=&#8220;4.16&#8243; _module_preset=&#8220;default&#8220; global_colors_info=&#8220;{}&#8220;][et_pb_cta title=&#8220;PE 40&#8243; button_text=&#8220;Hier klicken&#8220; _builder_version=&#8220;4.16&#8243; _module_preset=&#8220;default&#8220; background_color=&#8220;#0c71c3&#8243; global_colors_info=&#8220;{}&#8220;]<\/p>\n<p>F\u00fcnf Tauchg\u00e4nge im offenen Meer bis 40m.<\/p>\n<p>[\/et_pb_cta][\/et_pb_column][\/et_pb_row][et_pb_row column_structure=&#8220;1_3,1_3,1_3&#8243; make_equal=&#8220;on&#8220; _builder_version=&#8220;4.16&#8243; _module_preset=&#8220;default&#8220; global_colors_info=&#8220;{}&#8220;][et_pb_column type=&#8220;1_3&#8243; _builder_version=&#8220;4.16&#8243; _module_preset=&#8220;default&#8220; global_colors_info=&#8220;{}&#8220;][et_pb_cta title=&#8220;PA 20&#8243; button_text=&#8220;Hier klicken&#8220; _builder_version=&#8220;4.16&#8243; _module_preset=&#8220;default&#8220; background_color=&#8220;#0c71c3&#8243; height=&#8220;100%&#8220; global_colors_info=&#8220;{}&#8220;]<\/p>\n<p>F\u00fcnf Tauchg\u00e4nge im offenen Meer &#8211; eigenst\u00e4ndig bis 20m.<\/p>\n<p>[\/et_pb_cta][\/et_pb_column][et_pb_column type=&#8220;1_3&#8243; _builder_version=&#8220;4.16&#8243; _module_preset=&#8220;default&#8220; global_colors_info=&#8220;{}&#8220;][et_pb_cta title=&#8220;2 Sterne Taucher&#8220; button_text=&#8220;Hier klicken&#8220; _builder_version=&#8220;4.16&#8243; _module_preset=&#8220;default&#8220; background_color=&#8220;#0c71c3&#8243; height=&#8220;100%&#8220; global_colors_info=&#8220;{}&#8220;]<\/p>\n<p>Zehn Tauchg\u00e4nge im offenen Meer.<\/p>\n<p>[\/et_pb_cta][\/et_pb_column][et_pb_column type=&#8220;1_3&#8243; _builder_version=&#8220;4.16&#8243; _module_preset=&#8220;default&#8220; global_colors_info=&#8220;{}&#8220;][et_pb_cta title=&#8220;3 Sterne Taucher&#8220; button_text=&#8220;Hier klicken&#8220; _builder_version=&#8220;4.16&#8243; _module_preset=&#8220;default&#8220; background_color=&#8220;#0c71c3&#8243; height=&#8220;238px&#8220; global_colors_info=&#8220;{}&#8220;]<\/p>\n<p>F\u00fcr GOLD min. 65 Tauchg\u00e4nge davon min. 10 zwischen 30-40 m.<\/p>\n<p>PA 40, um eigenst\u00e4ndig bis 40m zu tauchen.<\/p>\n<p>[\/et_pb_cta][\/et_pb_column][\/et_pb_row][\/et_pb_section][et_pb_section fb_built=&#8220;1&#8243; _builder_version=&#8220;4.16&#8243; _module_preset=&#8220;default&#8220; global_colors_info=&#8220;{}&#8220;][et_pb_row column_structure=&#8220;1_3,1_3,1_3&#8243; _builder_version=&#8220;4.16&#8243; _module_preset=&#8220;default&#8220; global_colors_info=&#8220;{}&#8220;][et_pb_column type=&#8220;1_3&#8243; _builder_version=&#8220;4.16&#8243; _module_preset=&#8220;default&#8220; global_colors_info=&#8220;{}&#8220;][\/et_pb_column][et_pb_column type=&#8220;1_3&#8243; _builder_version=&#8220;4.16&#8243; _module_preset=&#8220;default&#8220; global_colors_info=&#8220;{}&#8220;][et_pb_cta title=&#8220;Preise&#8220; button_url=&#8220;@ET-DC@eyJkeW5hbWljIjp0cnVlLCJjb250ZW50IjoicG9zdF9saW5rX3VybF9wYWdlIiwic2V0dGluZ3MiOnsicG9zdF9pZCI6IjE0NyJ9fQ==@&#8220; button_text=&#8220;Hier klicken&#8220; _builder_version=&#8220;4.16&#8243; _dynamic_attributes=&#8220;button_url&#8220; _module_preset=&#8220;default&#8220; background_enable_color=&#8220;off&#8220; background_image=&#8220;https:\/\/lesbaillantestortues.com\/wp-content\/uploads\/2021\/07\/ReserveCousteau13-scaled.jpg&#8220; global_colors_info=&#8220;{}&#8220;][\/et_pb_cta][\/et_pb_column][et_pb_column type=&#8220;1_3&#8243; _builder_version=&#8220;4.16&#8243; _module_preset=&#8220;default&#8220; global_colors_info=&#8220;{}&#8220;][\/et_pb_column][\/et_pb_row][\/et_pb_section]<\/p>\n","protected":false},"excerpt":{"rendered":"<p>ERLANGE MIT UNS DEINE BREVETSWir sind auf Tauchausbildungen spezialisiert und bieten euch eine vielzahl personalisierter Kurse, sowohl von FFeSSM (French State and Federal CMAS) also auch PADI.Gleich ob Neuling oder erfahrener Taucher, gemeinsam vertiefen wir eure Tauchausbildung.PADI (Professional Association of Diving Instructors)Vorraussetzungen: Ohne Hilfe im Meer schwimmen und treiben zu k\u00f6nnen, eine gute k\u00f6rperliche Verfassung, [&hellip;]<\/p>\n","protected":false},"author":1,"featured_media":0,"parent":0,"menu_order":0,"comment_status":"closed","ping_status":"closed","template":"","meta":{"_et_pb_use_builder":"on","_et_pb_old_content":"","_et_gb_content_width":"","footnotes":""},"class_list":["post-1859","page","type-page","status-publish","hentry"],"_links":{"self":[{"href":"https:\/\/lesbaillantestortues.com\/de\/wp-json\/wp\/v2\/pages\/1859","targetHints":{"allow":["GET"]}}],"collection":[{"href":"https:\/\/lesbaillantestortues.com\/de\/wp-json\/wp\/v2\/pages"}],"about":[{"href":"https:\/\/lesbaillantestortues.com\/de\/wp-json\/wp\/v2\/types\/page"}],"author":[{"embeddable":true,"href":"https:\/\/lesbaillantestortues.com\/de\/wp-json\/wp\/v2\/users\/1"}],"replies":[{"embeddable":true,"href":"https:\/\/lesbaillantestortues.com\/de\/wp-json\/wp\/v2\/comments?post=1859"}],"version-history":[{"count":16,"href":"https:\/\/lesbaillantestortues.com\/de\/wp-json\/wp\/v2\/pages\/1859\/revisions"}],"predecessor-version":[{"id":2659,"href":"https:\/\/lesbaillantestortues.com\/de\/wp-json\/wp\/v2\/pages\/1859\/revisions\/2659"}],"wp:attachment":[{"href":"https:\/\/lesbaillantestortues.com\/de\/wp-json\/wp\/v2\/media?parent=1859"}],"curies":[{"name":"wp","href":"https:\/\/api.w.org\/{rel}","templated":true}]}}