{"id":1849,"date":"2021-07-07T14:08:20","date_gmt":"2021-07-07T18:08:20","guid":{"rendered":"https:\/\/lesbaillantestortues.com\/unterkuenfte\/"},"modified":"2025-11-18T07:53:38","modified_gmt":"2025-11-18T11:53:38","slug":"unterkuenfte","status":"publish","type":"page","link":"https:\/\/lesbaillantestortues.com\/de\/unterkuenfte\/","title":{"rendered":"Unterk\u00fcnfte"},"content":{"rendered":"<p>[et_pb_section fb_built=&#8220;1&#8243; _builder_version=&#8220;4.16&#8243; _module_preset=&#8220;default&#8220; custom_padding=&#8220;||0px||false|false&#8220; global_colors_info=&#8220;{}&#8220;][et_pb_row _builder_version=&#8220;4.16&#8243; _module_preset=&#8220;default&#8220; global_colors_info=&#8220;{}&#8220;][et_pb_column type=&#8220;4_4&#8243; _builder_version=&#8220;4.16&#8243; _module_preset=&#8220;default&#8220; global_colors_info=&#8220;{}&#8220;][et_pb_text _builder_version=&#8220;4.16&#8243; _module_preset=&#8220;default&#8220; header_text_color=&#8220;gcid-4e76a9b5-ed20-4681-9f89-5bcfd4d512d1&#8243; header_font_size_tablet=&#8220;&#8220; header_font_size_phone=&#8220;33px&#8220; header_font_size_last_edited=&#8220;on|phone&#8220; header_text_shadow_style=&#8220;preset2&#8243; saved_tabs=&#8220;all&#8220; global_colors_info=&#8220;{%22gcid-4e76a9b5-ed20-4681-9f89-5bcfd4d512d1%22:%91%22header_text_color%22%93}&#8220;]<\/p>\n<h1><span class=\"in\">Unterk\u00fcnfte in Guadeloupe<\/span><\/h1>\n<p>[\/et_pb_text][\/et_pb_column][\/et_pb_row][et_pb_row _builder_version=&#8220;4.16&#8243; _module_preset=&#8220;default&#8220; global_colors_info=&#8220;{}&#8220;][et_pb_column type=&#8220;4_4&#8243; _builder_version=&#8220;4.16&#8243; _module_preset=&#8220;default&#8220; global_colors_info=&#8220;{}&#8220;][et_pb_text _builder_version=&#8220;4.16&#8243; _module_preset=&#8220;default&#8220; text_text_color=&#8220;#000000&#8243; global_colors_info=&#8220;{}&#8220;]<\/p>\n<p><span>Gerne empfehlen wir euch verschiedene Unterk\u00fcnfte. Diese sind aber unabh\u00e4ngig von uns und wir k\u00f6nnen keine Garantie f\u00fcr die Unterk\u00fcnfte selbst oder die Buchung \u00fcbernehmen Allgemein sind die Unterk\u00fcnfte auf Guadeloupe \u2013 wie generell in Frankreich \u2013 mit Selbstverpflegung. Das bedeutet, sie bestehen aus einer Wohnung oder einem kleinen Ferienhaus mit Schlafzimmer, einer kleinen aber vollst\u00e4ndig ausgestatteten K\u00fcche, einer Klimaanlage (meistens) und einem Balkon\/ einer Terrasse.   Einige der Unterk\u00fcnfte bieten \u201eExtras\u201c, wie eine Waschmaschine oder einen Pool an. Selbstverst\u00e4ndlich spiegelt sich das dann auch im Preis wider. Es ist \u00fcblich bei Buchung eine Anzahlung zu t\u00e4tigen und die restliche Miete bei Ankunft zu bezahlen.   Die Reinigung der Wohnung ist, wenn nichts anderes vereinbart wird, vom Mieter durchzuf\u00fchren. Manche der Vermieter bieten Hilfe bei der Wahl des Mietautos oder einen Hol- und Bringservice vom\/zum Flughafen an. Aufgrund eines franz\u00f6sischen Gesetzes, das die Bebauung des Strandes bzw. unmittelbar am Strand verbietet, wird es schwierig werden eine Traumh\u00fctte auf wei\u00dfem Sandstrand zu finden. Zudem gilt: Je n\u00e4her das Meer, desto h\u00f6her die Preise. Wir pers\u00f6nlich empfehlen deshalb Unterk\u00fcnfte oberhalb des Meeres in den Bergen \u2013 diese bieten h\u00e4ufig eine herrliche Aussicht und man hat dort weniger mit M\u00fccken und Hitze zu k\u00e4mpfen.   <\/span><\/p>\n<p>[\/et_pb_text][\/et_pb_column][\/et_pb_row][\/et_pb_section][et_pb_section fb_built=&#8220;1&#8243; _builder_version=&#8220;4.16&#8243; _module_preset=&#8220;default&#8220; custom_padding=&#8220;0px||||false|false&#8220; global_colors_info=&#8220;{}&#8220;][et_pb_row _builder_version=&#8220;4.16&#8243; _module_preset=&#8220;default&#8220; global_colors_info=&#8220;{}&#8220;][et_pb_column type=&#8220;4_4&#8243; _builder_version=&#8220;4.16&#8243; _module_preset=&#8220;default&#8220; global_colors_info=&#8220;{}&#8220;][et_pb_text _builder_version=&#8220;4.16&#8243; _module_preset=&#8220;default&#8220; global_colors_info=&#8220;{}&#8220;]<\/p>\n<h2>Mit Pool<\/h2>\n<p>[\/et_pb_text][\/et_pb_column][\/et_pb_row][et_pb_row column_structure=&#8220;1_2,1_2&#8243; _builder_version=&#8220;4.16&#8243; _module_preset=&#8220;default&#8220; global_colors_info=&#8220;{}&#8220;][et_pb_column type=&#8220;1_2&#8243; _builder_version=&#8220;4.16&#8243; _module_preset=&#8220;default&#8220; global_colors_info=&#8220;{}&#8220;][et_pb_cta title=&#8220;Villa Rose Caraibes&#8220; button_url=&#8220;http:\/\/www.villarosecaraibes.com&#8220; url_new_window=&#8220;on&#8220; button_text=&#8220;Hier klicken&#8220; _builder_version=&#8220;4.16&#8243; _module_preset=&#8220;default&#8220; background_color=&#8220;#00aac1&#8243; height=&#8220;100%&#8220; global_colors_info=&#8220;{}&#8220;]<\/p>\n<p>Circa 4 km von der Tauchbasis entfernte, in den Bergen gelegene Bungalows mit einem sehr guten \u201etable d\u2019h\u00f4te\u201c (auf Wunsch k\u00f6nnen hier alle G\u00e4ste gemeinsam essen). Einer der Bungalows befindet sich in den B\u00e4umen.<\/p>\n<p>[\/et_pb_cta][\/et_pb_column][et_pb_column type=&#8220;1_2&#8243; _builder_version=&#8220;4.16&#8243; _module_preset=&#8220;default&#8220; global_colors_info=&#8220;{}&#8220;][et_pb_cta title=&#8220;Au Ti Sucrier&#8220; button_url=&#8220;https:\/\/www.autisucrier.com\/&#8220; url_new_window=&#8220;on&#8220; button_text=&#8220;Hier klicken&#8220; _builder_version=&#8220;4.16&#8243; _module_preset=&#8220;default&#8220; background_color=&#8220;#ef7f01&#8243; global_colors_info=&#8220;{}&#8220;]<\/p>\n<p>Hotel mit einem wundersch\u00f6nen Garten. 30 m vom Strand von Leroux entfernt \u2013 einem tollen Platz zum Schnorcheln. Zur Tauchbasis sind es 1,5 km Die Besitzer sprechen Englisch. <\/p>\n<p>[\/et_pb_cta][\/et_pb_column][\/et_pb_row][et_pb_row column_structure=&#8220;1_3,1_3,1_3&#8243; _builder_version=&#8220;4.16&#8243; _module_preset=&#8220;default&#8220; custom_margin=&#8220;||57px||false|false&#8220; global_colors_info=&#8220;{}&#8220;][et_pb_column type=&#8220;1_3&#8243; _builder_version=&#8220;4.16&#8243; _module_preset=&#8220;default&#8220; global_colors_info=&#8220;{}&#8220;][et_pb_cta title=&#8220;Les Villas de Tisource&#8220; button_url=&#8220;https:\/\/www.lesvillasdetisource.com\/&#8220; url_new_window=&#8220;on&#8220; button_text=&#8220;Hier klicken&#8220; _builder_version=&#8220;4.16&#8243; _module_preset=&#8220;default&#8220; background_color=&#8220;#361b83&#8243; global_colors_info=&#8220;{}&#8220;]<\/p>\n<p>Zwei H\u00e4user f\u00fcr vier Personen in den B\u00e4umen gelegen. Circa 4 km von der Tauchbasis entfernt. English spoken.<br \/>\nPatrick Jean Charles +590 690 583 697<\/p>\n<p>[\/et_pb_cta][\/et_pb_column][et_pb_column type=&#8220;1_3&#8243; _builder_version=&#8220;4.16&#8243; _module_preset=&#8220;default&#8220; global_colors_info=&#8220;{}&#8220;][et_pb_cta title=&#8220;Piton bungalows&#8220; button_url=&#8220;http:\/\/www.pitonbungalows.com\/&#8220; url_new_window=&#8220;on&#8220; button_text=&#8220;Hier klicken&#8220; _builder_version=&#8220;4.16&#8243; _module_preset=&#8220;default&#8220; background_color=&#8220;#ffe001&#8243; min_height=&#8220;290px&#8220; global_colors_info=&#8220;{}&#8220;]<\/p>\n<p>In Deshaies an einem sehr sch\u00f6nen Strand, 9km von der Tauchbasis.<\/p>\n<p>[\/et_pb_cta][\/et_pb_column][et_pb_column type=&#8220;1_3&#8243; _builder_version=&#8220;4.16&#8243; _module_preset=&#8220;default&#8220; global_colors_info=&#8220;{}&#8220;][et_pb_cta title=&#8220;Domaine Lizardy&#8220; button_url=&#8220;https:\/\/www.lizardy.lu&#8220; url_new_window=&#8220;on&#8220; button_text=&#8220;Hier klicken&#8220; _builder_version=&#8220;4.24.0&#8243; _module_preset=&#8220;default&#8220; background_color=&#8220;#bcd201&#8243; min_height=&#8220;290px&#8220; global_colors_info=&#8220;{}&#8220;]<\/p>\n<p>FKK-Ferienanlage, einen Kilometer von der Tauchbasis entfernt. Die Besitzer sprechen Englisch. <\/p>\n<p>[\/et_pb_cta][\/et_pb_column][\/et_pb_row][et_pb_row column_structure=&#8220;1_2,1_2&#8243; _builder_version=&#8220;4.16&#8243; _module_preset=&#8220;default&#8220; custom_margin=&#8220;-60px||||false|false&#8220; global_colors_info=&#8220;{}&#8220;][et_pb_column type=&#8220;1_2&#8243; _builder_version=&#8220;4.16&#8243; _module_preset=&#8220;default&#8220; global_colors_info=&#8220;{}&#8220;][et_pb_cta title=&#8220;LES BALISIERS&#8220; button_url=&#8220;http:\/\/www.les-balisiers.fr&#8220; url_new_window=&#8220;on&#8220; button_text=&#8220;Hier klicken&#8220; _builder_version=&#8220;4.16&#8243; _module_preset=&#8220;default&#8220; background_color=&#8220;#361b83&#8243; global_colors_info=&#8220;{}&#8220;]<\/p>\n<p>In der N\u00e4he des Standes Petite Anse gelegene Bungalows. Ungef\u00e4hr 1,5 km von der Tauchbasis entfernt. Die Besitzer sprechen Englisch. <\/p>\n<p>[\/et_pb_cta][\/et_pb_column][et_pb_column type=&#8220;1_2&#8243; _builder_version=&#8220;4.16&#8243; _module_preset=&#8220;default&#8220; global_colors_info=&#8220;{}&#8220;][et_pb_cta title=&#8220;Fan\u00e9lie Locat&#8220; button_url=&#8220;http:\/\/www.guadeloupe-deshaies.fr\/&#8220; url_new_window=&#8220;on&#8220; button_text=&#8220;Hier klicken&#8220; _builder_version=&#8220;4.16&#8243; _module_preset=&#8220;default&#8220; background_color=&#8220;#00aac1&#8243; global_colors_info=&#8220;{}&#8220;]<\/p>\n<p>Die Bungalows \u201cFan\u00e9lie Location\u201d sind 1,5 km von der Tauchbasis entfernt und liegen zwischen den Str\u00e4nden Petite Anse und Leroux.<\/p>\n<p>[\/et_pb_cta][\/et_pb_column][\/et_pb_row][et_pb_row _builder_version=&#8220;4.16&#8243; _module_preset=&#8220;default&#8220; global_colors_info=&#8220;{}&#8220;][et_pb_column type=&#8220;4_4&#8243; _builder_version=&#8220;4.16&#8243; _module_preset=&#8220;default&#8220; global_colors_info=&#8220;{}&#8220;][et_pb_text _builder_version=&#8220;4.16&#8243; _module_preset=&#8220;default&#8220; global_colors_info=&#8220;{}&#8220;]<\/p>\n<h2>Ohne Pool<\/h2>\n<p>[\/et_pb_text][\/et_pb_column][\/et_pb_row][et_pb_row column_structure=&#8220;1_2,1_2&#8243; make_equal=&#8220;on&#8220; _builder_version=&#8220;4.16&#8243; _module_preset=&#8220;default&#8220; custom_margin=&#8220;|auto|0px|auto|false|false&#8220; global_colors_info=&#8220;{}&#8220;][et_pb_column type=&#8220;1_2&#8243; _builder_version=&#8220;4.16&#8243; _module_preset=&#8220;default&#8220; global_colors_info=&#8220;{}&#8220;][et_pb_cta title=&#8220;Couleur Caf\u00e9&#8220; button_url=&#8220;https:\/\/abnb.me\/NZWhDkjuznb&#8220; url_new_window=&#8220;on&#8220; button_text=&#8220;Hier klicken&#8220; _builder_version=&#8220;4.24.0&#8243; _module_preset=&#8220;default&#8220; background_color=&#8220;#bcd201&#8243; height=&#8220;100%&#8220; global_colors_info=&#8220;{}&#8220;]<\/p>\n<p>Zwei Bungalows, 200 m oberhalb des Strandes von Ferry und circa 4 km von der Tauchbasis entfernt.<\/p>\n<p>[\/et_pb_cta][\/et_pb_column][et_pb_column type=&#8220;1_2&#8243; _builder_version=&#8220;4.16&#8243; _module_preset=&#8220;default&#8220; global_colors_info=&#8220;{}&#8220;][et_pb_cta title=&#8220;G\u00eetes de France&#8220; button_url=&#8220;https:\/\/www.gites-de-france.com\/fr\/guadeloupe\/guadeloupe\/note-dargent-971g6152&#8243; url_new_window=&#8220;on&#8220; button_text=&#8220;Hier klicken&#8220; _builder_version=&#8220;4.16&#8243; _module_preset=&#8220;default&#8220; background_color=&#8220;#361b83&#8243; min_height=&#8220;280px&#8220; global_colors_info=&#8220;{}&#8220;]<\/p>\n<p>G\u00eete de france N\u00b0 6152. 381, chemin Guillaume Saint Phy &#8211; Baillargent.  Ungef\u00e4hr 400 m von der Tauchbasis entfernt, mit zwei Bungalows f\u00fcr zwei bzw. vier Personen. Besitzer: Herr und Frau Fagnent<\/p>\n<p>+ 590 590 28 67 72 oder +590 690 74 07 91<\/p>\n<p>[\/et_pb_cta][\/et_pb_column][\/et_pb_row][et_pb_row column_structure=&#8220;1_2,1_2&#8243; _builder_version=&#8220;4.16&#8243; _module_preset=&#8220;default&#8220; global_colors_info=&#8220;{}&#8220;][et_pb_column type=&#8220;1_2&#8243; _builder_version=&#8220;4.16&#8243; _module_preset=&#8220;default&#8220; global_colors_info=&#8220;{}&#8220;][et_pb_cta title=&#8220;G\u00eetes Joilux&#8220; button_url=&#8220;https:\/\/www.gites-joilux.com\/&#8220; url_new_window=&#8220;on&#8220; button_text=&#8220;Hier klicken&#8220; _builder_version=&#8220;4.27.4&#8243; _module_preset=&#8220;default&#8220; background_color=&#8220;#ffe001&#8243; min_height=&#8220;320px&#8220; hover_enabled=&#8220;0&#8243; global_colors_info=&#8220;{}&#8220; sticky_enabled=&#8220;0&#8243;]<\/p>\n<p>Ca. 2,5 km von der Tauchbasis entfernt. In der n\u00e4he des &#8222;Plage de Leroux&#8220;. <\/p>\n<p>[\/et_pb_cta][\/et_pb_column][et_pb_column type=&#8220;1_2&#8243; _builder_version=&#8220;4.16&#8243; _module_preset=&#8220;default&#8220; global_colors_info=&#8220;{}&#8220;][\/et_pb_column][\/et_pb_row][\/et_pb_section]<\/p>\n","protected":false},"excerpt":{"rendered":"<p>Unterk\u00fcnfte in GuadeloupeGerne empfehlen wir euch verschiedene Unterk\u00fcnfte. Diese sind aber unabh\u00e4ngig von uns und wir k\u00f6nnen keine Garantie f\u00fcr die Unterk\u00fcnfte selbst oder die Buchung \u00fcbernehmen Allgemein sind die Unterk\u00fcnfte auf Guadeloupe \u2013 wie generell in Frankreich \u2013 mit Selbstverpflegung. Das bedeutet, sie bestehen aus einer Wohnung oder einem kleinen Ferienhaus mit Schlafzimmer, einer [&hellip;]<\/p>\n","protected":false},"author":1,"featured_media":0,"parent":0,"menu_order":0,"comment_status":"closed","ping_status":"closed","template":"","meta":{"_et_pb_use_builder":"on","_et_pb_old_content":"","_et_gb_content_width":"","footnotes":""},"class_list":["post-1849","page","type-page","status-publish","hentry"],"_links":{"self":[{"href":"https:\/\/lesbaillantestortues.com\/de\/wp-json\/wp\/v2\/pages\/1849","targetHints":{"allow":["GET"]}}],"collection":[{"href":"https:\/\/lesbaillantestortues.com\/de\/wp-json\/wp\/v2\/pages"}],"about":[{"href":"https:\/\/lesbaillantestortues.com\/de\/wp-json\/wp\/v2\/types\/page"}],"author":[{"embeddable":true,"href":"https:\/\/lesbaillantestortues.com\/de\/wp-json\/wp\/v2\/users\/1"}],"replies":[{"embeddable":true,"href":"https:\/\/lesbaillantestortues.com\/de\/wp-json\/wp\/v2\/comments?post=1849"}],"version-history":[{"count":14,"href":"https:\/\/lesbaillantestortues.com\/de\/wp-json\/wp\/v2\/pages\/1849\/revisions"}],"predecessor-version":[{"id":2832,"href":"https:\/\/lesbaillantestortues.com\/de\/wp-json\/wp\/v2\/pages\/1849\/revisions\/2832"}],"wp:attachment":[{"href":"https:\/\/lesbaillantestortues.com\/de\/wp-json\/wp\/v2\/media?parent=1849"}],"curies":[{"name":"wp","href":"https:\/\/api.w.org\/{rel}","templated":true}]}}